{"id":1151,"date":"2023-10-06T11:32:41","date_gmt":"2023-10-06T10:32:41","guid":{"rendered":"https:\/\/www.globaldis.cat\/condicions-de-compra\/"},"modified":"2024-01-19T10:52:04","modified_gmt":"2024-01-19T09:52:04","slug":"condiciones-de-compra","status":"publish","type":"page","link":"https:\/\/www.globaldis.cat\/es\/condiciones-de-compra\/","title":{"rendered":"Condiciones\u2028de compra"},"content":{"rendered":"<p><div class=\"fusion-fullwidth fullwidth-box fusion-builder-row-1 fusion-flex-container has-pattern-background has-mask-background nonhundred-percent-fullwidth non-hundred-percent-height-scrolling\" style=\"--awb-border-radius-top-left:0px;--awb-border-radius-top-right:0px;--awb-border-radius-bottom-right:0px;--awb-border-radius-bottom-left:0px;--awb-padding-top:47px;--awb-padding-bottom:82px;--awb-padding-top-small:38px;--awb-padding-bottom-small:58px;--awb-background-color:#fafafa;--awb-flex-wrap:wrap;\" ><div class=\"fusion-builder-row fusion-row fusion-flex-align-items-flex-start fusion-flex-justify-content-space-between fusion-flex-content-wrap\" style=\"max-width:1248px;margin-left: calc(-4% \/ 2 );margin-right: calc(-4% \/ 2 );\"><div class=\"fusion-layout-column fusion_builder_column fusion-builder-column-0 fusion_builder_column_1_1 1_1 fusion-flex-column\" style=\"--awb-bg-size:cover;--awb-width-large:100%;--awb-margin-top-large:0px;--awb-spacing-right-large:1.92%;--awb-margin-bottom-large:100px;--awb-spacing-left-large:1.92%;--awb-width-medium:100%;--awb-order-medium:0;--awb-spacing-right-medium:1.92%;--awb-spacing-left-medium:1.92%;--awb-width-small:100%;--awb-order-small:0;--awb-spacing-right-small:1.92%;--awb-margin-bottom-small:67px;--awb-spacing-left-small:1.92%;\"><div class=\"fusion-column-wrapper fusion-column-has-shadow fusion-flex-justify-content-flex-start fusion-content-layout-column\"><nav class=\"fusion-breadcrumbs fusion-breadcrumbs-1\" style=\"--awb-font-size:16px;--awb-text-color:var(--awb-color6);--awb-breadcrumb-sep:&#039;\/&#039;;\" aria-label=\"Breadcrumb\"><ol class=\"awb-breadcrumb-list\"><li class=\"fusion-breadcrumb-item awb-breadcrumb-sep\" ><a href=\"https:\/\/www.globaldis.cat\/es\/\" class=\"fusion-breadcrumb-link\"><span >Inicio<\/span><\/a><\/li><\/ol><\/nav><\/div><\/div><div class=\"fusion-layout-column fusion_builder_column fusion-builder-column-1 fusion_builder_column_1_3 1_3 fusion-flex-column\" style=\"--awb-bg-size:cover;--awb-width-large:33.333333333333%;--awb-margin-top-large:0px;--awb-spacing-right-large:5.76%;--awb-margin-bottom-large:0px;--awb-spacing-left-large:5.76%;--awb-width-medium:33.333333333333%;--awb-order-medium:0;--awb-spacing-right-medium:5.76%;--awb-spacing-left-medium:5.76%;--awb-width-small:100%;--awb-order-small:0;--awb-spacing-right-small:1.92%;--awb-spacing-left-small:1.92%;\"><div class=\"fusion-column-wrapper fusion-column-has-shadow fusion-flex-justify-content-center fusion-content-layout-column\"><div class=\"fusion-title title fusion-title-1 fusion-sep-none fusion-title-text fusion-title-size-two\"><h2 class=\"fusion-title-heading title-heading-left fusion-responsive-typography-calculated\" style=\"margin:0;--fontSize:44;line-height:1.09;\">Condicions\u2028de compra<\/h2><\/div><\/div><\/div><div class=\"fusion-layout-column fusion_builder_column fusion-builder-column-2 fusion_builder_column_2_3 2_3 fusion-flex-column\" style=\"--awb-bg-size:cover;--awb-width-large:66.666666666667%;--awb-margin-top-large:0px;--awb-spacing-right-large:2.88%;--awb-margin-bottom-large:0px;--awb-spacing-left-large:2.88%;--awb-width-medium:66.666666666667%;--awb-order-medium:0;--awb-spacing-right-medium:2.88%;--awb-spacing-left-medium:2.88%;--awb-width-small:100%;--awb-order-small:0;--awb-spacing-right-small:1.92%;--awb-spacing-left-small:1.92%;\"><div class=\"fusion-column-wrapper fusion-column-has-shadow fusion-flex-justify-content-center fusion-content-layout-column\"><div class=\"fusion-title title fusion-title-2 fusion-sep-none fusion-title-text fusion-title-size-five\" style=\"--awb-text-color:var(--awb-color6);--awb-font-size:24px;\"><h5 class=\"fusion-title-heading title-heading-left fusion-responsive-typography-calculated\" style=\"margin:0;font-size:1em;--fontSize:24;--minFontSize:24;line-height:1.29;\">Vetllem en tot moment per la teva satisfacci\u00f3 de compra, per aix\u00f2 volem\u2028mantenir-te informat\/a. Si decideixes realitzar una comanda, significa que acceptes aquestes condicions. Si tens qualsevol pregunta o necessites aclariments, no dubtis a contactar amb nosaltres.<\/h5><\/div><\/div><\/div><\/div><\/div><div class=\"fusion-fullwidth fullwidth-box fusion-builder-row-2 fusion-flex-container has-pattern-background has-mask-background hundred-percent-fullwidth non-hundred-percent-height-scrolling\" style=\"--awb-border-radius-top-left:0px;--awb-border-radius-top-right:0px;--awb-border-radius-bottom-right:0px;--awb-border-radius-bottom-left:0px;--awb-padding-right:0px;--awb-padding-left:0px;--awb-background-color:#fafafa;--awb-flex-wrap:wrap;\" ><div class=\"fusion-builder-row fusion-row fusion-flex-align-items-flex-start fusion-flex-content-wrap\" style=\"width:104% !important;max-width:104% !important;margin-left: calc(-4% \/ 2 );margin-right: calc(-4% \/ 2 );\"><div class=\"fusion-layout-column fusion_builder_column fusion-builder-column-3 fusion_builder_column_1_1 1_1 fusion-flex-column\" style=\"--awb-bg-size:cover;--awb-width-large:100%;--awb-margin-top-large:0px;--awb-spacing-right-large:1.92%;--awb-margin-bottom-large:0px;--awb-spacing-left-large:1.92%;--awb-width-medium:100%;--awb-order-medium:0;--awb-spacing-right-medium:1.92%;--awb-spacing-left-medium:1.92%;--awb-width-small:100%;--awb-order-small:0;--awb-spacing-right-small:1.92%;--awb-spacing-left-small:1.92%;\"><div class=\"fusion-column-wrapper fusion-column-has-shadow fusion-flex-justify-content-flex-start fusion-content-layout-column\"><div class=\"accordian fusion-accordian\" style=\"--awb-padding-top:15px;--awb-padding-bottom:15px;--awb-border-size:1px;--awb-icon-size:30px;--awb-content-font-size:var(--awb-typography4-font-size);--awb-icon-alignment:right;--awb-hover-color:#fafafa;--awb-border-color:#d1d3d4;--awb-background-color:#fafafa;--awb-divider-color:var(--awb-color3);--awb-divider-hover-color:var(--awb-color3);--awb-icon-color:var(--awb-color8);--awb-title-color:var(--awb-color8);--awb-content-color:var(--awb-color8);--awb-icon-box-color:var(--awb-color8);--awb-toggle-hover-accent-color:var(--awb-color8);--awb-toggle-active-accent-color:var(--awb-color8);--awb-title-font-family:var(--awb-typography1-font-family);--awb-title-font-weight:var(--awb-typography1-font-weight);--awb-title-font-style:var(--awb-typography1-font-style);--awb-title-font-size:16px;--awb-content-font-family:var(--awb-typography4-font-family);--awb-content-font-weight:var(--awb-typography4-font-weight);--awb-content-font-style:var(--awb-typography4-font-style);\"><div class=\"panel-group fusion-toggle-icon-right fusion-toggle-icon-unboxed\" id=\"accordion-1151-1\"><div class=\"fusion-panel panel-default panel-a47c597eb0bc77ced fusion-toggle-no-divider fusion-toggle-boxed-mode\" style=\"--awb-content-font-family:&quot;Roboto&quot;;--awb-content-font-style:normal;--awb-content-font-weight:400;--awb-title-font-family:&quot;Roboto&quot;;--awb-title-font-weight:400;--awb-title-font-style:normal;--awb-title-font-size:32px;--awb-title-line-height:38px;--awb-title-color:var(--awb-color8);\"><div class=\"panel-heading\"><h4 class=\"panel-title toggle\" id=\"toggle_a47c597eb0bc77ced\"><a aria-expanded=\"false\" aria-controls=\"a47c597eb0bc77ced\" role=\"button\" data-toggle=\"collapse\" data-target=\"#a47c597eb0bc77ced\" href=\"#a47c597eb0bc77ced\"><span class=\"fusion-toggle-icon-wrapper\" aria-hidden=\"true\"><i class=\"fa-fusion-box active-icon iconat-minus\" aria-hidden=\"true\"><\/i><i class=\"fa-fusion-box inactive-icon iconat-plus\" aria-hidden=\"true\"><\/i><\/span><span class=\"fusion-toggle-heading\">Productes i preus<\/span><\/a><\/h4><\/div><div id=\"a47c597eb0bc77ced\" class=\"panel-collapse collapse \" aria-labelledby=\"toggle_a47c597eb0bc77ced\"><div class=\"panel-body toggle-content fusion-clearfix\">\n<ul>\n<li>Todos nuestros productos se muestran con el precio correspondiente con IVA incluido.<\/li>\n<li>Nos reservamos el derecho de modificar los precios sin previo aviso, como podr\u00eda ser el caso de los productos de cart\u00f3n, ya que el precio de este material puede variar y podr\u00eda obligarnos a ajustar nuestros precios. De todas formas, te aseguramos que haremos todo lo posible para mantener nuestros precios competitivos y asegurarte la mejor oferta posible.<\/li>\n<\/ul>\n<\/div><\/div><\/div><div class=\"fusion-panel panel-default panel-545f95a01cfd560b7 fusion-toggle-no-divider fusion-toggle-boxed-mode\" style=\"--awb-content-font-family:&quot;Roboto&quot;;--awb-content-font-style:normal;--awb-content-font-weight:400;--awb-title-font-family:&quot;Roboto&quot;;--awb-title-font-weight:400;--awb-title-font-style:normal;--awb-title-font-size:32px;--awb-title-line-height:38px;--awb-title-color:var(--awb-color8);\"><div class=\"panel-heading\"><h4 class=\"panel-title toggle\" id=\"toggle_545f95a01cfd560b7\"><a aria-expanded=\"false\" aria-controls=\"545f95a01cfd560b7\" role=\"button\" data-toggle=\"collapse\" data-target=\"#545f95a01cfd560b7\" href=\"#545f95a01cfd560b7\"><span class=\"fusion-toggle-icon-wrapper\" aria-hidden=\"true\"><i class=\"fa-fusion-box active-icon iconat-minus\" aria-hidden=\"true\"><\/i><i class=\"fa-fusion-box inactive-icon iconat-plus\" aria-hidden=\"true\"><\/i><\/span><span class=\"fusion-toggle-heading\">Comandes<\/span><\/a><\/h4><\/div><div id=\"545f95a01cfd560b7\" class=\"panel-collapse collapse \" aria-labelledby=\"toggle_545f95a01cfd560b7\"><div class=\"panel-body toggle-content fusion-clearfix\">\n<ul>\n<li>En el moment de completar el proc\u00e9s de compra, rebr\u00e0s una confirmaci\u00f3 per correu electr\u00f2nic amb els detalls de la teva comanda.<\/li>\n<li>La comanda no es considerar\u00e0 definitiva fins que h\u00e0gim rebut el pagament corresponent pel mitj\u00e0 de pagament seleccionat.<\/li>\n<li>Si prefereixes fer la compra per tel\u00e8fon, contacta amb nosaltres i t&#8217;indicarem les formes de pagament disponibles en aquest cas.<\/li>\n<\/ul>\n<\/div><\/div><\/div><div class=\"fusion-panel panel-default panel-32c5652b6173df59b fusion-toggle-no-divider fusion-toggle-boxed-mode\" style=\"--awb-content-font-family:&quot;Roboto&quot;;--awb-content-font-style:normal;--awb-content-font-weight:400;--awb-title-font-family:&quot;Roboto&quot;;--awb-title-font-weight:400;--awb-title-font-style:normal;--awb-title-font-size:32px;--awb-title-line-height:38px;--awb-title-color:var(--awb-color8);\"><div class=\"panel-heading\"><h4 class=\"panel-title toggle\" id=\"toggle_32c5652b6173df59b\"><a aria-expanded=\"false\" aria-controls=\"32c5652b6173df59b\" role=\"button\" data-toggle=\"collapse\" data-target=\"#32c5652b6173df59b\" href=\"#32c5652b6173df59b\"><span class=\"fusion-toggle-icon-wrapper\" aria-hidden=\"true\"><i class=\"fa-fusion-box active-icon iconat-minus\" aria-hidden=\"true\"><\/i><i class=\"fa-fusion-box inactive-icon iconat-plus\" aria-hidden=\"true\"><\/i><\/span><span class=\"fusion-toggle-heading\">Enviament i entrega<\/span><\/a><\/h4><\/div><div id=\"32c5652b6173df59b\" class=\"panel-collapse collapse \" aria-labelledby=\"toggle_32c5652b6173df59b\"><div class=\"panel-body toggle-content fusion-clearfix\">\n<ul>\n<li>El temps d\u2019enviament dels productes dep\u00e8n de la ubicaci\u00f3 de l&#8217;enviament i la disponibilitat dels articles.<\/li>\n<li>El termini d\u2019entrega estimat a pen\u00ednsula \u00e9s de 24\/48h despr\u00e9s de la confirmaci\u00f3 de la comanda<\/li>\n<\/ul>\n<\/div><\/div><\/div><div class=\"fusion-panel panel-default panel-7de3565254fb044d4 fusion-toggle-no-divider fusion-toggle-boxed-mode\" style=\"--awb-content-font-family:&quot;Roboto&quot;;--awb-content-font-style:normal;--awb-content-font-weight:400;--awb-title-font-family:&quot;Roboto&quot;;--awb-title-font-weight:400;--awb-title-font-style:normal;--awb-title-font-size:32px;--awb-title-line-height:38px;--awb-title-color:var(--awb-color8);\"><div class=\"panel-heading\"><h4 class=\"panel-title toggle\" id=\"toggle_7de3565254fb044d4\"><a aria-expanded=\"false\" aria-controls=\"7de3565254fb044d4\" role=\"button\" data-toggle=\"collapse\" data-target=\"#7de3565254fb044d4\" href=\"#7de3565254fb044d4\"><span class=\"fusion-toggle-icon-wrapper\" aria-hidden=\"true\"><i class=\"fa-fusion-box active-icon iconat-minus\" aria-hidden=\"true\"><\/i><i class=\"fa-fusion-box inactive-icon iconat-plus\" aria-hidden=\"true\"><\/i><\/span><span class=\"fusion-toggle-heading\">Devoluci\u00f3 i reemborsaments<\/span><\/a><\/h4><\/div><div id=\"7de3565254fb044d4\" class=\"panel-collapse collapse \" aria-labelledby=\"toggle_7de3565254fb044d4\"><div class=\"panel-body toggle-content fusion-clearfix\">\n<ul>\n<li>Si el producte presenta algun mal funcionament o mal estat en el moment de l\u2019entrega i manipulaci\u00f3 inicial, disposar\u00e0s d&#8217;un termini de 14 dies naturals per comunicar-ho.<\/li>\n<li>Ens reservem el dret a avaluar cada cas i prendre les mesures adequades per garantir la teva satisfacci\u00f3.<\/li>\n<\/ul>\n<\/div><\/div><\/div><div class=\"fusion-panel panel-default panel-fb61dee21a59aa671 fusion-toggle-no-divider fusion-toggle-boxed-mode\" style=\"--awb-content-font-family:&quot;Roboto&quot;;--awb-content-font-style:normal;--awb-content-font-weight:400;--awb-title-font-family:&quot;Roboto&quot;;--awb-title-font-weight:400;--awb-title-font-style:normal;--awb-title-font-size:32px;--awb-title-line-height:38px;--awb-title-color:var(--awb-color8);\"><div class=\"panel-heading\"><h4 class=\"panel-title toggle\" id=\"toggle_fb61dee21a59aa671\"><a aria-expanded=\"false\" aria-controls=\"fb61dee21a59aa671\" role=\"button\" data-toggle=\"collapse\" data-target=\"#fb61dee21a59aa671\" href=\"#fb61dee21a59aa671\"><span class=\"fusion-toggle-icon-wrapper\" aria-hidden=\"true\"><i class=\"fa-fusion-box active-icon iconat-minus\" aria-hidden=\"true\"><\/i><i class=\"fa-fusion-box inactive-icon iconat-plus\" aria-hidden=\"true\"><\/i><\/span><span class=\"fusion-toggle-heading\">Privadesa i Seguretat<\/span><\/a><\/h4><\/div><div id=\"fb61dee21a59aa671\" class=\"panel-collapse collapse \" aria-labelledby=\"toggle_fb61dee21a59aa671\"><div class=\"panel-body toggle-content fusion-clearfix\">\n<ul>\n<li>Respectem la teva privadesa i garantim que les teves dades personals es tracten amb la m\u00e0xima confidencialitat.<\/li>\n<li>Pots consultar la nostra Pol\u00edtica de Privadesa per a m\u00e9s informaci\u00f3 sobre com gestionem les teves dades.<\/li>\n<\/ul>\n<\/div><\/div><\/div><\/div><\/div><\/div><\/div><\/div><\/div><\/p>\n","protected":false},"excerpt":{"rendered":"","protected":false},"author":1,"featured_media":0,"parent":0,"menu_order":0,"comment_status":"closed","ping_status":"closed","template":"100-width.php","meta":{"footnotes":""},"class_list":["post-1151","page","type-page","status-publish","hentry"],"_links":{"self":[{"href":"https:\/\/www.globaldis.cat\/es\/wp-json\/wp\/v2\/pages\/1151","targetHints":{"allow":["GET"]}}],"collection":[{"href":"https:\/\/www.globaldis.cat\/es\/wp-json\/wp\/v2\/pages"}],"about":[{"href":"https:\/\/www.globaldis.cat\/es\/wp-json\/wp\/v2\/types\/page"}],"author":[{"embeddable":true,"href":"https:\/\/www.globaldis.cat\/es\/wp-json\/wp\/v2\/users\/1"}],"replies":[{"embeddable":true,"href":"https:\/\/www.globaldis.cat\/es\/wp-json\/wp\/v2\/comments?post=1151"}],"version-history":[{"count":3,"href":"https:\/\/www.globaldis.cat\/es\/wp-json\/wp\/v2\/pages\/1151\/revisions"}],"predecessor-version":[{"id":1974,"href":"https:\/\/www.globaldis.cat\/es\/wp-json\/wp\/v2\/pages\/1151\/revisions\/1974"}],"wp:attachment":[{"href":"https:\/\/www.globaldis.cat\/es\/wp-json\/wp\/v2\/media?parent=1151"}],"curies":[{"name":"wp","href":"https:\/\/api.w.org\/{rel}","templated":true}]}}