{"id":1667,"date":"2023-11-22T17:22:42","date_gmt":"2023-11-22T16:22:42","guid":{"rendered":"https:\/\/www.globaldis.cat\/?post_type=product&#038;p=1667"},"modified":"2024-02-08T16:51:39","modified_gmt":"2024-02-08T15:51:39","slug":"cinta-adhesiva-impresa-fragile","status":"publish","type":"product","link":"https:\/\/www.globaldis.cat\/es\/producto\/cinta-adhesiva-impresa-fragile\/","title":{"rendered":"Cinta adhesiva impresa \u00abFragile\u00bb (36und)"},"content":{"rendered":"<ul>\n<li>Sellado de alta adherencia gracias a las propiedades del adhesivo acr\u00edlico<\/li>\n<li>Durabilidad y resistencia<\/li>\n<li>Compatible con todo tipo de cart\u00f3n<\/li>\n<li>Perfecta para dar informaci\u00f3n preventiva al transportista o manipulador de la caja.<\/li>\n<\/ul>\n","protected":false},"excerpt":{"rendered":"<p>Perfecta para cualquier tipo de caja de cart\u00f3n, es resistente y de alta adherencia, perfecta para advertir al transportista o persona encargada de la manipulaci\u00f3n que est\u00e1 trabajando con productos fr\u00e1giles y delicados.<\/p>\n<p>Rollos de 48mmx132mts<\/p>\n","protected":false},"featured_media":1709,"comment_status":"closed","ping_status":"closed","template":"","meta":[],"product_brand":[],"product_cat":[116],"product_tag":[134,136,137,138,140,141,142],"sostenibilitat":[130],"tipus":[],"class_list":{"0":"post-1667","1":"product","2":"type-product","3":"status-publish","4":"has-post-thumbnail","6":"product_cat-cintas-adhesivas","7":"product_tag-automocion","8":"product_tag-ecommerce-es","9":"product_tag-electronica-es","10":"product_tag-embalaje","11":"product_tag-jardineria-es","12":"product_tag-logistica-es","13":"product_tag-transporte","14":"sostenibilitat-reciclaje","16":"first","17":"instock","18":"taxable","19":"shipping-taxable","20":"purchasable","21":"product-type-simple"},"_links":{"self":[{"href":"https:\/\/www.globaldis.cat\/es\/wp-json\/wp\/v2\/product\/1667","targetHints":{"allow":["GET"]}}],"collection":[{"href":"https:\/\/www.globaldis.cat\/es\/wp-json\/wp\/v2\/product"}],"about":[{"href":"https:\/\/www.globaldis.cat\/es\/wp-json\/wp\/v2\/types\/product"}],"replies":[{"embeddable":true,"href":"https:\/\/www.globaldis.cat\/es\/wp-json\/wp\/v2\/comments?post=1667"}],"wp:featuredmedia":[{"embeddable":true,"href":"https:\/\/www.globaldis.cat\/es\/wp-json\/wp\/v2\/media\/1709"}],"wp:attachment":[{"href":"https:\/\/www.globaldis.cat\/es\/wp-json\/wp\/v2\/media?parent=1667"}],"wp:term":[{"taxonomy":"product_brand","embeddable":true,"href":"https:\/\/www.globaldis.cat\/es\/wp-json\/wp\/v2\/product_brand?post=1667"},{"taxonomy":"product_cat","embeddable":true,"href":"https:\/\/www.globaldis.cat\/es\/wp-json\/wp\/v2\/product_cat?post=1667"},{"taxonomy":"product_tag","embeddable":true,"href":"https:\/\/www.globaldis.cat\/es\/wp-json\/wp\/v2\/product_tag?post=1667"},{"taxonomy":"sostenibilitat","embeddable":true,"href":"https:\/\/www.globaldis.cat\/es\/wp-json\/wp\/v2\/sostenibilitat?post=1667"},{"taxonomy":"tipus","embeddable":true,"href":"https:\/\/www.globaldis.cat\/es\/wp-json\/wp\/v2\/tipus?post=1667"}],"curies":[{"name":"wp","href":"https:\/\/api.w.org\/{rel}","templated":true}]}}