{"id":2046,"date":"2023-09-27T10:34:31","date_gmt":"2023-09-27T09:34:31","guid":{"rendered":"https:\/\/www.globaldis.cat\/producte\/sobres-acolchonados-con-burbujas\/"},"modified":"2024-02-08T17:12:26","modified_gmt":"2024-02-08T16:12:26","slug":"sobres-acolchonados-con-burbujas","status":"publish","type":"product","link":"https:\/\/www.globaldis.cat\/es\/producto\/sobres-acolchonados-con-burbujas\/","title":{"rendered":"Sobres acolchonados con burbujas"},"content":{"rendered":"<ul>\n<li>Fabricado en papel Kraft liso<\/li>\n<li>Solapa con cinta autoadhesiva hot melt reutilizable<\/li>\n<\/ul>\n","protected":false},"excerpt":{"rendered":"<p>La opci\u00f3n perfecta para el env\u00edo de materiales o productos muy fr\u00e1giles, gracias a su burbuja interior que protege de forma eficaz. Gracias a su solapa adhesiva, el sobre siempre se mantendr\u00e1 cerrado durante su traslado.<\/p>\n","protected":false},"featured_media":1807,"comment_status":"closed","ping_status":"closed","template":"","meta":[],"product_brand":[],"product_cat":[121],"product_tag":[134,136,137,138,140,141,142],"sostenibilitat":[130,131],"tipus":[128],"class_list":{"0":"post-2046","1":"product","2":"type-product","3":"status-publish","4":"has-post-thumbnail","6":"product_cat-sobres-es","7":"product_tag-automocion","8":"product_tag-ecommerce-es","9":"product_tag-electronica-es","10":"product_tag-embalaje","11":"product_tag-jardineria-es","12":"product_tag-logistica-es","13":"product_tag-transporte","14":"sostenibilitat-reciclaje","15":"sostenibilitat-reutilizable","16":"tipus-personalizable","18":"first","19":"instock","20":"taxable","21":"shipping-taxable","22":"purchasable","23":"product-type-variable"},"_links":{"self":[{"href":"https:\/\/www.globaldis.cat\/es\/wp-json\/wp\/v2\/product\/2046","targetHints":{"allow":["GET"]}}],"collection":[{"href":"https:\/\/www.globaldis.cat\/es\/wp-json\/wp\/v2\/product"}],"about":[{"href":"https:\/\/www.globaldis.cat\/es\/wp-json\/wp\/v2\/types\/product"}],"replies":[{"embeddable":true,"href":"https:\/\/www.globaldis.cat\/es\/wp-json\/wp\/v2\/comments?post=2046"}],"wp:featuredmedia":[{"embeddable":true,"href":"https:\/\/www.globaldis.cat\/es\/wp-json\/wp\/v2\/media\/1807"}],"wp:attachment":[{"href":"https:\/\/www.globaldis.cat\/es\/wp-json\/wp\/v2\/media?parent=2046"}],"wp:term":[{"taxonomy":"product_brand","embeddable":true,"href":"https:\/\/www.globaldis.cat\/es\/wp-json\/wp\/v2\/product_brand?post=2046"},{"taxonomy":"product_cat","embeddable":true,"href":"https:\/\/www.globaldis.cat\/es\/wp-json\/wp\/v2\/product_cat?post=2046"},{"taxonomy":"product_tag","embeddable":true,"href":"https:\/\/www.globaldis.cat\/es\/wp-json\/wp\/v2\/product_tag?post=2046"},{"taxonomy":"sostenibilitat","embeddable":true,"href":"https:\/\/www.globaldis.cat\/es\/wp-json\/wp\/v2\/sostenibilitat?post=2046"},{"taxonomy":"tipus","embeddable":true,"href":"https:\/\/www.globaldis.cat\/es\/wp-json\/wp\/v2\/tipus?post=2046"}],"curies":[{"name":"wp","href":"https:\/\/api.w.org\/{rel}","templated":true}]}}