{"id":2083,"date":"2023-11-22T16:10:38","date_gmt":"2023-11-22T15:10:38","guid":{"rendered":"https:\/\/www.globaldis.cat\/producte\/caja-de-carton-280x220x200mm\/"},"modified":"2024-02-08T16:49:38","modified_gmt":"2024-02-08T15:49:38","slug":"caja-de-carton-280x220x200mm","status":"publish","type":"product","link":"https:\/\/www.globaldis.cat\/es\/producto\/caja-de-carton-280x220x200mm\/","title":{"rendered":"Caja de cart\u00f3n 280x220x200mm (10und)"},"content":{"rendered":"<ul>\n<li>Canal simple<\/li>\n<li>Recubrimiento de papel kraft capacidad m\u00e1xima de carga 8kg<\/li>\n<li>Sin impresi\u00f3n requiere el uso de un precinto para cerrarse<\/li>\n<\/ul>\n","protected":false},"excerpt":{"rendered":"<p>Una soluci\u00f3n ideal para proteger tus productos durante el traslado. Totalmente reciclable. Excelente opci\u00f3n para almacenaje de corta duraci\u00f3n y traslado.<\/p>\n","protected":false},"featured_media":1743,"comment_status":"closed","ping_status":"closed","template":"","meta":[],"product_brand":[],"product_cat":[115],"product_tag":[133,134,136,137,138,139,140,141,142],"sostenibilitat":[],"tipus":[],"class_list":{"0":"post-2083","1":"product","2":"type-product","3":"status-publish","4":"has-post-thumbnail","6":"product_cat-cajas","7":"product_tag-alimentacion","8":"product_tag-automocion","9":"product_tag-ecommerce-es","10":"product_tag-electronica-es","11":"product_tag-embalaje","12":"product_tag-hosteleria","13":"product_tag-jardineria-es","14":"product_tag-logistica-es","15":"product_tag-transporte","16":"product_shipping_class-standar-es","18":"first","19":"instock","20":"taxable","21":"shipping-taxable","22":"purchasable","23":"product-type-simple"},"_links":{"self":[{"href":"https:\/\/www.globaldis.cat\/es\/wp-json\/wp\/v2\/product\/2083","targetHints":{"allow":["GET"]}}],"collection":[{"href":"https:\/\/www.globaldis.cat\/es\/wp-json\/wp\/v2\/product"}],"about":[{"href":"https:\/\/www.globaldis.cat\/es\/wp-json\/wp\/v2\/types\/product"}],"replies":[{"embeddable":true,"href":"https:\/\/www.globaldis.cat\/es\/wp-json\/wp\/v2\/comments?post=2083"}],"wp:featuredmedia":[{"embeddable":true,"href":"https:\/\/www.globaldis.cat\/es\/wp-json\/wp\/v2\/media\/1743"}],"wp:attachment":[{"href":"https:\/\/www.globaldis.cat\/es\/wp-json\/wp\/v2\/media?parent=2083"}],"wp:term":[{"taxonomy":"product_brand","embeddable":true,"href":"https:\/\/www.globaldis.cat\/es\/wp-json\/wp\/v2\/product_brand?post=2083"},{"taxonomy":"product_cat","embeddable":true,"href":"https:\/\/www.globaldis.cat\/es\/wp-json\/wp\/v2\/product_cat?post=2083"},{"taxonomy":"product_tag","embeddable":true,"href":"https:\/\/www.globaldis.cat\/es\/wp-json\/wp\/v2\/product_tag?post=2083"},{"taxonomy":"sostenibilitat","embeddable":true,"href":"https:\/\/www.globaldis.cat\/es\/wp-json\/wp\/v2\/sostenibilitat?post=2083"},{"taxonomy":"tipus","embeddable":true,"href":"https:\/\/www.globaldis.cat\/es\/wp-json\/wp\/v2\/tipus?post=2083"}],"curies":[{"name":"wp","href":"https:\/\/api.w.org\/{rel}","templated":true}]}}