{"id":2095,"date":"2023-09-27T09:25:22","date_gmt":"2023-09-27T08:25:22","guid":{"rendered":"https:\/\/www.globaldis.cat\/producte\/cinta-adhesiva-krepp\/"},"modified":"2024-02-08T17:19:18","modified_gmt":"2024-02-08T16:19:18","slug":"cinta-adhesiva-krepp","status":"publish","type":"product","link":"https:\/\/www.globaldis.cat\/es\/producto\/cinta-adhesiva-krepp\/","title":{"rendered":"Cinta adhesiva krepp\u2028"},"content":{"rendered":"<ul>\n<li>Fabricado con adhesivo de caucho natural<\/li>\n<li>Compatible con pintura en base disolvente y base de agua<\/li>\n<li>Resistencia 60\u00baC (1 hora)<\/li>\n<li>F\u00e1cil de quitar<\/li>\n<li>No deja residuos<\/li>\n<\/ul>\n","protected":false},"excerpt":{"rendered":"<p>Cinta adhesiva para proteger las \u00e1reas donde no se quiere pintar. Despu\u00e9s de utilizarla se quita f\u00e1cilmente de la zona cubierta sin dejar residuos o perjudicar la superficie.<\/p>\n","protected":false},"featured_media":642,"comment_status":"closed","ping_status":"closed","template":"","meta":[],"product_brand":[],"product_cat":[116],"product_tag":[134,136,137,138,140,142],"sostenibilitat":[130],"tipus":[],"class_list":{"0":"post-2095","1":"product","2":"type-product","3":"status-publish","4":"has-post-thumbnail","6":"product_cat-cintas-adhesivas","7":"product_tag-automocion","8":"product_tag-ecommerce-es","9":"product_tag-electronica-es","10":"product_tag-embalaje","11":"product_tag-jardineria-es","12":"product_tag-transporte","13":"sostenibilitat-reciclaje","15":"first","16":"instock","17":"taxable","18":"shipping-taxable","19":"purchasable","20":"product-type-variable"},"_links":{"self":[{"href":"https:\/\/www.globaldis.cat\/es\/wp-json\/wp\/v2\/product\/2095","targetHints":{"allow":["GET"]}}],"collection":[{"href":"https:\/\/www.globaldis.cat\/es\/wp-json\/wp\/v2\/product"}],"about":[{"href":"https:\/\/www.globaldis.cat\/es\/wp-json\/wp\/v2\/types\/product"}],"replies":[{"embeddable":true,"href":"https:\/\/www.globaldis.cat\/es\/wp-json\/wp\/v2\/comments?post=2095"}],"wp:featuredmedia":[{"embeddable":true,"href":"https:\/\/www.globaldis.cat\/es\/wp-json\/wp\/v2\/media\/642"}],"wp:attachment":[{"href":"https:\/\/www.globaldis.cat\/es\/wp-json\/wp\/v2\/media?parent=2095"}],"wp:term":[{"taxonomy":"product_brand","embeddable":true,"href":"https:\/\/www.globaldis.cat\/es\/wp-json\/wp\/v2\/product_brand?post=2095"},{"taxonomy":"product_cat","embeddable":true,"href":"https:\/\/www.globaldis.cat\/es\/wp-json\/wp\/v2\/product_cat?post=2095"},{"taxonomy":"product_tag","embeddable":true,"href":"https:\/\/www.globaldis.cat\/es\/wp-json\/wp\/v2\/product_tag?post=2095"},{"taxonomy":"sostenibilitat","embeddable":true,"href":"https:\/\/www.globaldis.cat\/es\/wp-json\/wp\/v2\/sostenibilitat?post=2095"},{"taxonomy":"tipus","embeddable":true,"href":"https:\/\/www.globaldis.cat\/es\/wp-json\/wp\/v2\/tipus?post=2095"}],"curies":[{"name":"wp","href":"https:\/\/api.w.org\/{rel}","templated":true}]}}