{"id":2099,"date":"2023-09-27T09:48:10","date_gmt":"2023-09-27T08:48:10","guid":{"rendered":"https:\/\/www.globaldis.cat\/producte\/cinta-adhesiva-solvente\/"},"modified":"2024-02-08T17:17:38","modified_gmt":"2024-02-08T16:17:38","slug":"cinta-adhesiva-solvente","status":"publish","type":"product","link":"https:\/\/www.globaldis.cat\/es\/producto\/cinta-adhesiva-solvente\/","title":{"rendered":"Cinta adhesiva solvente (36und)"},"content":{"rendered":"<ul>\n<li>Soluci\u00f3n ideal para sellar cajas con pesos superiores a 15k<\/li>\n<li>Cierre transparente que permite la visibilidad de etiquetas de la caja y la identificaci\u00f3n r\u00e1pida del producto con un acabado elegante<\/li>\n<li>Se debe utilizar sobre superficie limpia, seca y libre de grasa, aceite o otros contaminantes<\/li>\n<\/ul>\n","protected":false},"excerpt":{"rendered":"<p>Cinta con mayor adhesi\u00f3n de carga y sellado en relaci\u00f3n con otros productos como el adhesivo acr\u00edlico.<\/p>\n<p>Rollos de 48mmx126mts<\/p>\n","protected":false},"featured_media":2016,"comment_status":"closed","ping_status":"closed","template":"","meta":[],"product_brand":[],"product_cat":[116],"product_tag":[134,136,137,138,140,141,142],"sostenibilitat":[130],"tipus":[128],"class_list":{"0":"post-2099","1":"product","2":"type-product","3":"status-publish","4":"has-post-thumbnail","6":"product_cat-cintas-adhesivas","7":"product_tag-automocion","8":"product_tag-ecommerce-es","9":"product_tag-electronica-es","10":"product_tag-embalaje","11":"product_tag-jardineria-es","12":"product_tag-logistica-es","13":"product_tag-transporte","14":"sostenibilitat-reciclaje","15":"tipus-personalizable","17":"first","18":"instock","19":"taxable","20":"shipping-taxable","21":"purchasable","22":"product-type-variable"},"_links":{"self":[{"href":"https:\/\/www.globaldis.cat\/es\/wp-json\/wp\/v2\/product\/2099","targetHints":{"allow":["GET"]}}],"collection":[{"href":"https:\/\/www.globaldis.cat\/es\/wp-json\/wp\/v2\/product"}],"about":[{"href":"https:\/\/www.globaldis.cat\/es\/wp-json\/wp\/v2\/types\/product"}],"replies":[{"embeddable":true,"href":"https:\/\/www.globaldis.cat\/es\/wp-json\/wp\/v2\/comments?post=2099"}],"wp:featuredmedia":[{"embeddable":true,"href":"https:\/\/www.globaldis.cat\/es\/wp-json\/wp\/v2\/media\/2016"}],"wp:attachment":[{"href":"https:\/\/www.globaldis.cat\/es\/wp-json\/wp\/v2\/media?parent=2099"}],"wp:term":[{"taxonomy":"product_brand","embeddable":true,"href":"https:\/\/www.globaldis.cat\/es\/wp-json\/wp\/v2\/product_brand?post=2099"},{"taxonomy":"product_cat","embeddable":true,"href":"https:\/\/www.globaldis.cat\/es\/wp-json\/wp\/v2\/product_cat?post=2099"},{"taxonomy":"product_tag","embeddable":true,"href":"https:\/\/www.globaldis.cat\/es\/wp-json\/wp\/v2\/product_tag?post=2099"},{"taxonomy":"sostenibilitat","embeddable":true,"href":"https:\/\/www.globaldis.cat\/es\/wp-json\/wp\/v2\/sostenibilitat?post=2099"},{"taxonomy":"tipus","embeddable":true,"href":"https:\/\/www.globaldis.cat\/es\/wp-json\/wp\/v2\/tipus?post=2099"}],"curies":[{"name":"wp","href":"https:\/\/api.w.org\/{rel}","templated":true}]}}