{"id":2102,"date":"2023-09-27T10:08:27","date_gmt":"2023-09-27T09:08:27","guid":{"rendered":"https:\/\/www.globaldis.cat\/producte\/etiqueta-fragil-manejad-con-cuidado-136mm-x-105mm\/"},"modified":"2024-02-08T17:16:04","modified_gmt":"2024-02-08T16:16:04","slug":"etiqueta-fragil-manejad-con-cuidado-136mm-x-105mm","status":"publish","type":"product","link":"https:\/\/www.globaldis.cat\/es\/producto\/etiqueta-fragil-manejad-con-cuidado-136mm-x-105mm\/","title":{"rendered":"Etiqueta \u00abFRAGIL MANEJAD CON CUIDADO\u00bb 136mm x 105mm"},"content":{"rendered":"<ul>\n<li>Etiquetas impresas en color rojo y blanco de fondo<\/li>\n<li>Excelente adherencia a cualquier superficie<\/li>\n<li>Indicado para superficies dif\u00edciles como madera, cart\u00f3n y pl\u00e1stico<\/li>\n<\/ul>\n","protected":false},"excerpt":{"rendered":"<p>Cinta adhesiva vers\u00e1til que ofrece una fuerte adherencia protegiendo el producto final a su destino final<\/p>\n<p>Disponible en rollos de 250und<\/p>\n","protected":false},"featured_media":701,"comment_status":"closed","ping_status":"closed","template":"","meta":[],"product_brand":[],"product_cat":[117],"product_tag":[133,134,136,137,138,139,140,141,142],"sostenibilitat":[130],"tipus":[],"class_list":{"0":"post-2102","1":"product","2":"type-product","3":"status-publish","4":"has-post-thumbnail","6":"product_cat-etiquetas","7":"product_tag-alimentacion","8":"product_tag-automocion","9":"product_tag-ecommerce-es","10":"product_tag-electronica-es","11":"product_tag-embalaje","12":"product_tag-hosteleria","13":"product_tag-jardineria-es","14":"product_tag-logistica-es","15":"product_tag-transporte","16":"sostenibilitat-reciclaje","18":"first","19":"instock","20":"taxable","21":"shipping-taxable","22":"purchasable","23":"product-type-simple"},"_links":{"self":[{"href":"https:\/\/www.globaldis.cat\/es\/wp-json\/wp\/v2\/product\/2102","targetHints":{"allow":["GET"]}}],"collection":[{"href":"https:\/\/www.globaldis.cat\/es\/wp-json\/wp\/v2\/product"}],"about":[{"href":"https:\/\/www.globaldis.cat\/es\/wp-json\/wp\/v2\/types\/product"}],"replies":[{"embeddable":true,"href":"https:\/\/www.globaldis.cat\/es\/wp-json\/wp\/v2\/comments?post=2102"}],"wp:featuredmedia":[{"embeddable":true,"href":"https:\/\/www.globaldis.cat\/es\/wp-json\/wp\/v2\/media\/701"}],"wp:attachment":[{"href":"https:\/\/www.globaldis.cat\/es\/wp-json\/wp\/v2\/media?parent=2102"}],"wp:term":[{"taxonomy":"product_brand","embeddable":true,"href":"https:\/\/www.globaldis.cat\/es\/wp-json\/wp\/v2\/product_brand?post=2102"},{"taxonomy":"product_cat","embeddable":true,"href":"https:\/\/www.globaldis.cat\/es\/wp-json\/wp\/v2\/product_cat?post=2102"},{"taxonomy":"product_tag","embeddable":true,"href":"https:\/\/www.globaldis.cat\/es\/wp-json\/wp\/v2\/product_tag?post=2102"},{"taxonomy":"sostenibilitat","embeddable":true,"href":"https:\/\/www.globaldis.cat\/es\/wp-json\/wp\/v2\/sostenibilitat?post=2102"},{"taxonomy":"tipus","embeddable":true,"href":"https:\/\/www.globaldis.cat\/es\/wp-json\/wp\/v2\/tipus?post=2102"}],"curies":[{"name":"wp","href":"https:\/\/api.w.org\/{rel}","templated":true}]}}