{"id":2122,"date":"2024-02-08T16:39:03","date_gmt":"2024-02-08T15:39:03","guid":{"rendered":"https:\/\/www.globaldis.cat\/?post_type=product&#038;p=2122"},"modified":"2024-02-08T16:39:03","modified_gmt":"2024-02-08T15:39:03","slug":"fleje-composite","status":"publish","type":"product","link":"https:\/\/www.globaldis.cat\/es\/producto\/fleje-composite\/","title":{"rendered":"Fleje composite"},"content":{"rendered":"<ul>\n<li>Aportan m\u00e1s seguridad<\/li>\n<li>No da\u00f1an la mercanc\u00eda<\/li>\n<li>Soporta altas tensiones<\/li>\n<\/ul>\n","protected":false},"excerpt":{"rendered":"<p>Ayuda a sujetar cargas de gran peso, a veces puede ser sustituido por los flejes de acero. Debido a su composici\u00f3n por hilo de poli\u00e9ster de alta resistencia y con su revestimiento de polipropileno, aporta una gran protecci\u00f3n contra posibles cortes que se puedan ocurrir.<\/p>\n<p>2 bob por caja<\/p>\n","protected":false},"featured_media":1881,"comment_status":"closed","ping_status":"closed","template":"","meta":[],"product_brand":[],"product_cat":[120],"product_tag":[133,134,136,137,139,140,141,142],"sostenibilitat":[131,132],"tipus":[],"class_list":{"0":"post-2122","1":"product","2":"type-product","3":"status-publish","4":"has-post-thumbnail","6":"product_cat-flejes","7":"product_tag-alimentacion","8":"product_tag-automocion","9":"product_tag-ecommerce-es","10":"product_tag-electronica-es","11":"product_tag-hosteleria","12":"product_tag-jardineria-es","13":"product_tag-logistica-es","14":"product_tag-transporte","15":"product_shipping_class-standar-es","16":"sostenibilitat-reutilizable","17":"sostenibilitat-semireciclado","19":"first","20":"instock","21":"taxable","22":"shipping-taxable","23":"purchasable","24":"product-type-variable"},"_links":{"self":[{"href":"https:\/\/www.globaldis.cat\/es\/wp-json\/wp\/v2\/product\/2122","targetHints":{"allow":["GET"]}}],"collection":[{"href":"https:\/\/www.globaldis.cat\/es\/wp-json\/wp\/v2\/product"}],"about":[{"href":"https:\/\/www.globaldis.cat\/es\/wp-json\/wp\/v2\/types\/product"}],"replies":[{"embeddable":true,"href":"https:\/\/www.globaldis.cat\/es\/wp-json\/wp\/v2\/comments?post=2122"}],"wp:featuredmedia":[{"embeddable":true,"href":"https:\/\/www.globaldis.cat\/es\/wp-json\/wp\/v2\/media\/1881"}],"wp:attachment":[{"href":"https:\/\/www.globaldis.cat\/es\/wp-json\/wp\/v2\/media?parent=2122"}],"wp:term":[{"taxonomy":"product_brand","embeddable":true,"href":"https:\/\/www.globaldis.cat\/es\/wp-json\/wp\/v2\/product_brand?post=2122"},{"taxonomy":"product_cat","embeddable":true,"href":"https:\/\/www.globaldis.cat\/es\/wp-json\/wp\/v2\/product_cat?post=2122"},{"taxonomy":"product_tag","embeddable":true,"href":"https:\/\/www.globaldis.cat\/es\/wp-json\/wp\/v2\/product_tag?post=2122"},{"taxonomy":"sostenibilitat","embeddable":true,"href":"https:\/\/www.globaldis.cat\/es\/wp-json\/wp\/v2\/sostenibilitat?post=2122"},{"taxonomy":"tipus","embeddable":true,"href":"https:\/\/www.globaldis.cat\/es\/wp-json\/wp\/v2\/tipus?post=2122"}],"curies":[{"name":"wp","href":"https:\/\/api.w.org\/{rel}","templated":true}]}}