{"id":2125,"date":"2023-11-22T17:47:47","date_gmt":"2024-02-02T14:26:41","guid":{"rendered":"https:\/\/www.globaldis.cat\/?post_type=product&#038;p=2125"},"modified":"2024-02-08T16:41:37","modified_gmt":"2024-02-08T15:41:37","slug":"film-estirable-manual-macroperforado","status":"publish","type":"product","link":"https:\/\/www.globaldis.cat\/es\/producto\/film-estirable-manual-macroperforado\/","title":{"rendered":"Film estirable manual macroperforado"},"content":{"rendered":"<ul>\n<li>Recirculaci\u00f3n del aire por toda la mercanc\u00eda envuelta<\/li>\n<li>Gran sujeci\u00f3n y estabilidad<\/li>\n<li>Facilita las descargas de la mercanc\u00eda (deslizante exterior)<\/li>\n<li>F\u00e1cil corte y pegado.<\/li>\n<\/ul>\n","protected":false},"excerpt":{"rendered":"<p>Soluci\u00f3n ideal para envolver aquellos productos que necesiten una ventilaci\u00f3n constante, tambi\u00e9n permite mantener la temperatura y evita que la cara se sobrecaliente; gracias a los agujeros se evita la condensaci\u00f3n<\/p>\n<p>Aporta gran sujeci\u00f3n y estabilidad a la carga<\/p>\n","protected":false},"featured_media":1860,"comment_status":"closed","ping_status":"closed","template":"","meta":[],"product_brand":[],"product_cat":[119],"product_tag":[133,136,140,141,142],"sostenibilitat":[130],"tipus":[],"class_list":{"0":"post-2125","1":"product","2":"type-product","3":"status-publish","4":"has-post-thumbnail","6":"product_cat-films-de-proteccion","7":"product_tag-alimentacion","8":"product_tag-ecommerce-es","9":"product_tag-jardineria-es","10":"product_tag-logistica-es","11":"product_tag-transporte","12":"product_shipping_class-standar-es","13":"sostenibilitat-reciclaje","15":"first","16":"instock","17":"taxable","18":"shipping-taxable","19":"purchasable","20":"product-type-variable"},"_links":{"self":[{"href":"https:\/\/www.globaldis.cat\/es\/wp-json\/wp\/v2\/product\/2125","targetHints":{"allow":["GET"]}}],"collection":[{"href":"https:\/\/www.globaldis.cat\/es\/wp-json\/wp\/v2\/product"}],"about":[{"href":"https:\/\/www.globaldis.cat\/es\/wp-json\/wp\/v2\/types\/product"}],"replies":[{"embeddable":true,"href":"https:\/\/www.globaldis.cat\/es\/wp-json\/wp\/v2\/comments?post=2125"}],"wp:featuredmedia":[{"embeddable":true,"href":"https:\/\/www.globaldis.cat\/es\/wp-json\/wp\/v2\/media\/1860"}],"wp:attachment":[{"href":"https:\/\/www.globaldis.cat\/es\/wp-json\/wp\/v2\/media?parent=2125"}],"wp:term":[{"taxonomy":"product_brand","embeddable":true,"href":"https:\/\/www.globaldis.cat\/es\/wp-json\/wp\/v2\/product_brand?post=2125"},{"taxonomy":"product_cat","embeddable":true,"href":"https:\/\/www.globaldis.cat\/es\/wp-json\/wp\/v2\/product_cat?post=2125"},{"taxonomy":"product_tag","embeddable":true,"href":"https:\/\/www.globaldis.cat\/es\/wp-json\/wp\/v2\/product_tag?post=2125"},{"taxonomy":"sostenibilitat","embeddable":true,"href":"https:\/\/www.globaldis.cat\/es\/wp-json\/wp\/v2\/sostenibilitat?post=2125"},{"taxonomy":"tipus","embeddable":true,"href":"https:\/\/www.globaldis.cat\/es\/wp-json\/wp\/v2\/tipus?post=2125"}],"curies":[{"name":"wp","href":"https:\/\/api.w.org\/{rel}","templated":true}]}}