{"id":2144,"date":"2023-11-21T12:36:35","date_gmt":"2024-02-06T09:20:25","guid":{"rendered":"https:\/\/www.globaldis.cat\/?post_type=product&#038;p=2144"},"modified":"2024-02-08T16:54:52","modified_gmt":"2024-02-08T15:54:52","slug":"pastico-de-burbuja-40-reciclado-pre-cortado","status":"publish","type":"product","link":"https:\/\/www.globaldis.cat\/es\/producto\/pastico-de-burbuja-40-reciclado-pre-cortado\/","title":{"rendered":"Pastico de burbuja 40% reciclado pre cortado"},"content":{"rendered":"<ul>\n<li>Fabricado en 40% de pl\u00e1stico reciclado<\/li>\n<li>Di\u00e1metro de la bombilla 10mm<\/li>\n<li>Proteger el producto de humedad, polvo<\/li>\n<\/ul>\n","protected":false},"excerpt":{"rendered":"<p>Perfecta soluci\u00f3n para envolver cualquier tipo de material que deseamos trasladar o almacenar durante mucho tiempo; ayuda a embalar art\u00edculos fr\u00e1giles, nos proporciona amortiguaci\u00f3n y protecci\u00f3n con gran capacidad de absorci\u00f3n a los golpes.<\/p>\n<p>Protege los productos de golpes y rupturas.<\/p>\n<p>Disponible en trozos de 40cm y 60cm<\/p>\n","protected":false},"featured_media":1753,"comment_status":"closed","ping_status":"closed","template":"","meta":[],"product_brand":[],"product_cat":[118],"product_tag":[134,136,137,138,139,141,142],"sostenibilitat":[130],"tipus":[],"class_list":{"0":"post-2144","1":"product","2":"type-product","3":"status-publish","4":"has-post-thumbnail","6":"product_cat-relleno","7":"product_tag-automocion","8":"product_tag-ecommerce-es","9":"product_tag-electronica-es","10":"product_tag-embalaje","11":"product_tag-hosteleria","12":"product_tag-logistica-es","13":"product_tag-transporte","14":"product_shipping_class-standar-es","15":"sostenibilitat-reciclaje","17":"first","18":"instock","19":"taxable","20":"shipping-taxable","21":"purchasable","22":"product-type-variable"},"_links":{"self":[{"href":"https:\/\/www.globaldis.cat\/es\/wp-json\/wp\/v2\/product\/2144","targetHints":{"allow":["GET"]}}],"collection":[{"href":"https:\/\/www.globaldis.cat\/es\/wp-json\/wp\/v2\/product"}],"about":[{"href":"https:\/\/www.globaldis.cat\/es\/wp-json\/wp\/v2\/types\/product"}],"replies":[{"embeddable":true,"href":"https:\/\/www.globaldis.cat\/es\/wp-json\/wp\/v2\/comments?post=2144"}],"wp:featuredmedia":[{"embeddable":true,"href":"https:\/\/www.globaldis.cat\/es\/wp-json\/wp\/v2\/media\/1753"}],"wp:attachment":[{"href":"https:\/\/www.globaldis.cat\/es\/wp-json\/wp\/v2\/media?parent=2144"}],"wp:term":[{"taxonomy":"product_brand","embeddable":true,"href":"https:\/\/www.globaldis.cat\/es\/wp-json\/wp\/v2\/product_brand?post=2144"},{"taxonomy":"product_cat","embeddable":true,"href":"https:\/\/www.globaldis.cat\/es\/wp-json\/wp\/v2\/product_cat?post=2144"},{"taxonomy":"product_tag","embeddable":true,"href":"https:\/\/www.globaldis.cat\/es\/wp-json\/wp\/v2\/product_tag?post=2144"},{"taxonomy":"sostenibilitat","embeddable":true,"href":"https:\/\/www.globaldis.cat\/es\/wp-json\/wp\/v2\/sostenibilitat?post=2144"},{"taxonomy":"tipus","embeddable":true,"href":"https:\/\/www.globaldis.cat\/es\/wp-json\/wp\/v2\/tipus?post=2144"}],"curies":[{"name":"wp","href":"https:\/\/api.w.org\/{rel}","templated":true}]}}